{"id":11,"date":"2023-05-16T13:01:53","date_gmt":"2023-05-16T16:01:53","guid":{"rendered":"https:\/\/boitata.eco.br\/?page_id=11"},"modified":"2023-05-17T11:36:23","modified_gmt":"2023-05-17T14:36:23","slug":"11-2","status":"publish","type":"page","link":"https:\/\/boitata.eco.br\/","title":{"rendered":"Inicial"},"content":{"rendered":"\n<div class=\"wp-block-group is-vertical is-content-justification-center is-layout-flex wp-container-core-group-is-layout-1 wp-block-group-is-layout-flex\">\n<figure class=\"wp-block-image size-large is-resized\"><img loading=\"lazy\" decoding=\"async\" src=\"http:\/\/boitata.eco.br\/wp-content\/uploads\/2023\/05\/esquema-geral-boitata_72-2-1024x561.png\" alt=\"\" class=\"wp-image-23\" width=\"1024\" height=\"561\" srcset=\"https:\/\/boitata.eco.br\/wp-content\/uploads\/2023\/05\/esquema-geral-boitata_72-2-1024x561.png 1024w, https:\/\/boitata.eco.br\/wp-content\/uploads\/2023\/05\/esquema-geral-boitata_72-2-300x165.png 300w, https:\/\/boitata.eco.br\/wp-content\/uploads\/2023\/05\/esquema-geral-boitata_72-2-768x421.png 768w, https:\/\/boitata.eco.br\/wp-content\/uploads\/2023\/05\/esquema-geral-boitata_72-2.png 1200w\" sizes=\"(max-width: 1024px) 100vw, 1024px\" \/><\/figure>\n\n\n\n<h2 class=\"wp-block-heading has-text-align-left has-black-color has-ast-global-color-5-background-color has-text-color has-background\" style=\"margin-top:0;margin-right:0;margin-bottom:0;margin-left:0;font-style:normal;font-weight:500\">Boitat\u00e1: Transforme seus restos alimentares em energia e biofertilizante!  <br>Construa o seu biodigestor dom\u00e9stico. Projeto aberto, manual dispon\u00edvel para download!<\/h2>\n\n\n\n<hr style=\"border: 1px solid #0099b0ff;\nwidth: 50%;\nbackground-color: #0099b0ff\">\n\n\n\n<div class=\"wp-block-columns is-layout-flex wp-container-core-columns-is-layout-1 wp-block-columns-is-layout-flex\">\n<div class=\"wp-block-column is-layout-flow wp-block-column-is-layout-flow\">\n<figure class=\"wp-block-image size-full\"><img loading=\"lazy\" decoding=\"async\" width=\"750\" height=\"1000\" src=\"http:\/\/boitata.eco.br\/wp-content\/uploads\/2023\/05\/pronto_1.jpg\" alt=\"\" class=\"wp-image-72\" srcset=\"https:\/\/boitata.eco.br\/wp-content\/uploads\/2023\/05\/pronto_1.jpg 750w, https:\/\/boitata.eco.br\/wp-content\/uploads\/2023\/05\/pronto_1-225x300.jpg 225w\" sizes=\"(max-width: 750px) 100vw, 750px\" \/><\/figure>\n<\/div>\n\n\n\n<div class=\"wp-block-column is-layout-flow wp-block-column-is-layout-flow\">\n<figure class=\"wp-block-image size-full\"><img loading=\"lazy\" decoding=\"async\" width=\"750\" height=\"1000\" src=\"http:\/\/boitata.eco.br\/wp-content\/uploads\/2023\/05\/Fazendo_2.jpg\" alt=\"\" class=\"wp-image-14\" srcset=\"https:\/\/boitata.eco.br\/wp-content\/uploads\/2023\/05\/Fazendo_2.jpg 750w, https:\/\/boitata.eco.br\/wp-content\/uploads\/2023\/05\/Fazendo_2-225x300.jpg 225w\" sizes=\"(max-width: 750px) 100vw, 750px\" \/><\/figure>\n<\/div>\n\n\n\n<div class=\"wp-block-column is-layout-flow wp-block-column-is-layout-flow\">\n<figure class=\"wp-block-image size-full\"><img loading=\"lazy\" decoding=\"async\" width=\"750\" height=\"1000\" src=\"http:\/\/boitata.eco.br\/wp-content\/uploads\/2023\/05\/Fazendo_5.jpg\" alt=\"\" class=\"wp-image-16\" srcset=\"https:\/\/boitata.eco.br\/wp-content\/uploads\/2023\/05\/Fazendo_5.jpg 750w, https:\/\/boitata.eco.br\/wp-content\/uploads\/2023\/05\/Fazendo_5-225x300.jpg 225w\" sizes=\"(max-width: 750px) 100vw, 750px\" \/><\/figure>\n<\/div>\n<\/div>\n<\/div>\n\n\n\n<p><\/p>\n","protected":false},"excerpt":{"rendered":"<p>Boitat\u00e1: Transforme seus restos alimentares em energia e biofertilizante! Construa o seu biodigestor dom\u00e9stico. Projeto aberto, manual dispon\u00edvel para download!<\/p>\n","protected":false},"author":2,"featured_media":0,"parent":0,"menu_order":0,"comment_status":"closed","ping_status":"closed","template":"","meta":{"site-sidebar-layout":"default","site-content-layout":"default","ast-global-header-display":"","ast-banner-title-visibility":"","ast-main-header-display":"","ast-hfb-above-header-display":"","ast-hfb-below-header-display":"","ast-hfb-mobile-header-display":"","site-post-title":"disabled","ast-breadcrumbs-content":"","ast-featured-img":"","footer-sml-layout":"","theme-transparent-header-meta":"","adv-header-id-meta":"","stick-header-meta":"","header-above-stick-meta":"","header-main-stick-meta":"","header-below-stick-meta":"","footnotes":""},"_links":{"self":[{"href":"https:\/\/boitata.eco.br\/index.php?rest_route=\/wp\/v2\/pages\/11"}],"collection":[{"href":"https:\/\/boitata.eco.br\/index.php?rest_route=\/wp\/v2\/pages"}],"about":[{"href":"https:\/\/boitata.eco.br\/index.php?rest_route=\/wp\/v2\/types\/page"}],"author":[{"embeddable":true,"href":"https:\/\/boitata.eco.br\/index.php?rest_route=\/wp\/v2\/users\/2"}],"replies":[{"embeddable":true,"href":"https:\/\/boitata.eco.br\/index.php?rest_route=%2Fwp%2Fv2%2Fcomments&post=11"}],"version-history":[{"count":46,"href":"https:\/\/boitata.eco.br\/index.php?rest_route=\/wp\/v2\/pages\/11\/revisions"}],"predecessor-version":[{"id":108,"href":"https:\/\/boitata.eco.br\/index.php?rest_route=\/wp\/v2\/pages\/11\/revisions\/108"}],"wp:attachment":[{"href":"https:\/\/boitata.eco.br\/index.php?rest_route=%2Fwp%2Fv2%2Fmedia&parent=11"}],"curies":[{"name":"wp","href":"https:\/\/api.w.org\/{rel}","templated":true}]}}